{"id":51,"date":"2023-05-26T17:54:53","date_gmt":"2023-05-26T10:54:53","guid":{"rendered":"https:\/\/geog-vnu.edu.vn\/?page_id=51"},"modified":"2023-05-29T09:21:44","modified_gmt":"2023-05-29T02:21:44","slug":"khen-thuong","status":"publish","type":"page","link":"https:\/\/humangeography.edu.vn\/?page_id=51","title":{"rendered":"Khen th\u01b0\u1edfng"},"content":{"rendered":"\t\t<div data-elementor-type=\"wp-page\" data-elementor-id=\"51\" class=\"elementor elementor-51\">\n\t\t\t\t\t\t\t\t\t<section class=\"elementor-section elementor-top-section elementor-element elementor-element-745f4c2 elementor-section-boxed elementor-section-height-default elementor-section-height-default\" data-id=\"745f4c2\" data-element_type=\"section\">\n\t\t\t\t\t\t<div class=\"elementor-container elementor-column-gap-default\">\n\t\t\t\t\t<div class=\"elementor-column elementor-col-100 elementor-top-column elementor-element elementor-element-2e51fbf\" data-id=\"2e51fbf\" data-element_type=\"column\">\n\t\t\t<div class=\"elementor-widget-wrap elementor-element-populated\">\n\t\t\t\t\t\t\t\t<div class=\"elementor-element elementor-element-34aca0d elementor--h-position-center elementor--v-position-middle elementor-arrows-position-inside elementor-pagination-position-inside elementor-widget elementor-widget-slides\" data-id=\"34aca0d\" data-element_type=\"widget\" data-settings=\"{&quot;navigation&quot;:&quot;both&quot;,&quot;autoplay&quot;:&quot;yes&quot;,&quot;pause_on_hover&quot;:&quot;yes&quot;,&quot;pause_on_interaction&quot;:&quot;yes&quot;,&quot;autoplay_speed&quot;:5000,&quot;infinite&quot;:&quot;yes&quot;,&quot;transition&quot;:&quot;slide&quot;,&quot;transition_speed&quot;:500}\" data-widget_type=\"slides.default\">\n\t\t\t\t<div class=\"elementor-widget-container\">\n\t\t\t<style>\/*! elementor-pro - v3.12.3 - 23-04-2023 *\/\n.elementor-slides .swiper-slide-bg{background-size:cover;background-position:50%;background-repeat:no-repeat;min-width:100%;min-height:100%}.elementor-slides .swiper-slide-inner{background-repeat:no-repeat;background-position:50%;position:absolute;top:0;left:0;bottom:0;right:0;padding:50px;margin:auto}.elementor-slides .swiper-slide-inner,.elementor-slides .swiper-slide-inner:hover{color:#fff;display:flex}.elementor-slides .swiper-slide-inner .elementor-background-overlay{position:absolute;z-index:0;top:0;bottom:0;left:0;right:0}.elementor-slides .swiper-slide-inner .elementor-slide-content{position:relative;z-index:1;width:100%}.elementor-slides .swiper-slide-inner .elementor-slide-heading{font-size:35px;font-weight:700;line-height:1}.elementor-slides .swiper-slide-inner .elementor-slide-description{font-size:17px;line-height:1.4}.elementor-slides .swiper-slide-inner .elementor-slide-description:not(:last-child),.elementor-slides .swiper-slide-inner .elementor-slide-heading:not(:last-child){margin-bottom:30px}.elementor-slides .swiper-slide-inner .elementor-slide-button{border:2px solid #fff;color:#fff;background:transparent;display:inline-block}.elementor-slides .swiper-slide-inner .elementor-slide-button,.elementor-slides .swiper-slide-inner .elementor-slide-button:hover{background:transparent;color:inherit;text-decoration:none}.elementor--v-position-top .swiper-slide-inner{align-items:flex-start}.elementor--v-position-bottom .swiper-slide-inner{align-items:flex-end}.elementor--v-position-middle .swiper-slide-inner{align-items:center}.elementor--h-position-left .swiper-slide-inner{justify-content:flex-start}.elementor--h-position-right .swiper-slide-inner{justify-content:flex-end}.elementor--h-position-center .swiper-slide-inner{justify-content:center}body.rtl .elementor-widget-slides .elementor-swiper-button-next{left:10px;right:auto}body.rtl .elementor-widget-slides .elementor-swiper-button-prev{right:10px;left:auto}.elementor-slides-wrapper div:not(.swiper-slide)>.swiper-slide-inner{display:none}@media (max-width:767px){.elementor-slides .swiper-slide-inner{padding:30px}.elementor-slides .swiper-slide-inner .elementor-slide-heading{font-size:23px;line-height:1;margin-bottom:15px}.elementor-slides .swiper-slide-inner .elementor-slide-description{font-size:13px;line-height:1.4;margin-bottom:15px}}<\/style>\t\t<div class=\"elementor-swiper\">\n\t\t\t<div class=\"elementor-slides-wrapper elementor-main-swiper swiper-container\" dir=\"ltr\" data-animation=\"fadeInUp\">\n\t\t\t\t<div class=\"swiper-wrapper elementor-slides\">\n\t\t\t\t\t\t\t\t\t\t<div class=\"elementor-repeater-item-2452888 swiper-slide\"><div class=\"swiper-slide-bg\"><\/div><div class=\"swiper-slide-inner\" ><div class=\"swiper-slide-contents\"><div class=\"elementor-slide-heading\">Department Human Geography and planning<\/div><\/div><\/div><\/div>\t\t\t\t<\/div>\n\t\t\t\t\t\t\t<\/div>\n\t\t<\/div>\n\t\t\t\t<\/div>\n\t\t\t\t<\/div>\n\t\t\t\t\t<\/div>\n\t\t<\/div>\n\t\t\t\t\t\t\t<\/div>\n\t\t<\/section>\n\t\t\t\t<section class=\"elementor-section elementor-top-section elementor-element elementor-element-793c23e elementor-section-boxed elementor-section-height-default elementor-section-height-default\" data-id=\"793c23e\" data-element_type=\"section\">\n\t\t\t\t\t\t<div class=\"elementor-container elementor-column-gap-default\">\n\t\t\t\t\t<div class=\"elementor-column elementor-col-100 elementor-top-column elementor-element elementor-element-d096b6d\" data-id=\"d096b6d\" data-element_type=\"column\">\n\t\t\t<div class=\"elementor-widget-wrap elementor-element-populated\">\n\t\t\t\t\t\t\t\t<div class=\"elementor-element elementor-element-dd422dd elementor-widget elementor-widget-text-editor\" data-id=\"dd422dd\" data-element_type=\"widget\" data-widget_type=\"text-editor.default\">\n\t\t\t\t<div class=\"elementor-widget-container\">\n\t\t\t<style>\/*! elementor - v3.11.5 - 14-03-2023 *\/\n.elementor-widget-text-editor.elementor-drop-cap-view-stacked .elementor-drop-cap{background-color:#818a91;color:#fff}.elementor-widget-text-editor.elementor-drop-cap-view-framed .elementor-drop-cap{color:#818a91;border:3px solid;background-color:transparent}.elementor-widget-text-editor:not(.elementor-drop-cap-view-default) .elementor-drop-cap{margin-top:8px}.elementor-widget-text-editor:not(.elementor-drop-cap-view-default) .elementor-drop-cap-letter{width:1em;height:1em}.elementor-widget-text-editor .elementor-drop-cap{float:left;text-align:center;line-height:1;font-size:50px}.elementor-widget-text-editor .elementor-drop-cap-letter{display:inline-block}<\/style>\t\t\t\t<p><span style=\"color: #000000;\">Trong chi\u1ec1u d\u00e0i 26 n\u0103m ph\u00e1t tri\u1ec3n c\u1ee7a m\u00ecnh, B\u1ed9 m\u00f4n \u0110\u1ecba nh\u00e2n v\u0103n v\u00e0 quy ho\u1ea1ch \u0111\u00e3 \u0111\u1ea1t \u0111\u01b0\u1ee3c nhi\u1ec1u th\u00e0nh t\u00edch xu\u1ea5t s\u1eafc trong \u0111\u00e0o t\u1ea1o v\u00e0 nghi\u00ean c\u1ee9u khoa h\u1ecdc. G\u00f3p ph\u1ea7n quan tr\u1ecdng trong ph\u00e1t tri\u1ec3n khoa h\u1ecdc, kinh t\u1ebf x\u00e3 h\u1ed9i v\u00e0 \u0111\u00e0o t\u1ea1o ra nh\u1eefng nh\u00e0 khoa h\u1ecdc t\u00e0i n\u0103ng. Nh\u1eefng th\u00e0nh t\u1ef1u to l\u1edbn \u0111\u00f3 \u0111\u01b0\u1ee3c ghi nh\u1eadn b\u1eb1ng h\u00e0ng ch\u1ee5c b\u1eb1ng khen, hu\u00e2n ch\u01b0\u01a1ng v\u00e0 k\u1ec9 ni\u1ec7m ch\u01b0\u01a1ng cao qu\u00fd.<\/span><\/p><p><span style=\"color: #000000;\">&#8211; B\u1ed9 m\u00f4n \u0111\u00e3 \u0111\u01b0\u1ee3c t\u1eb7ng K\u1ef7 ni\u1ec7m ch\u01b0\u01a1ng v\u00ec s\u1ef1 nghi\u1ec7p ph\u00e1t tri\u1ec3n \u0110\u1ea1i h\u1ecdc Qu\u1ed1c gia H\u00e0 N\u1ed9i n\u0103m 2006.<\/span><\/p><p><span style=\"color: #000000;\">&#8211; Trong nh\u1eefng g\u1ea7n \u0111\u00e2y, T\u1eadp th\u1ec3 B\u1ed9 m\u00f4n li\u00ean t\u1ee5c \u0111\u01b0\u1ee3c \u0111\u00e1nh gi\u00e1 l\u00e0 t\u1eadp th\u1ec3 lao \u0111\u1ed9ng xu\u1ea5t s\u1eafc c\u00e1c n\u0103m h\u1ecdc: 2017-2018; 2018-2019; 2019-2020; 2020-2021.<\/span><\/p><p><span style=\"color: #000000;\">&#8211; B\u1ed9 m\u00f4n \u0111\u01b0\u1ee3c t\u1eb7ng B\u1eb1ng khen c\u1ee7a Gi\u00e1m \u0111\u1ed1c \u0110HQGHN cho n\u0103m h\u1ecdc 2020-2021.<\/span><\/p><p><span style=\"color: #000000;\">&#8211; Nhi\u1ec1u c\u00e1n b\u1ed9 \u0111\u1ea1t danh hi\u1ec7u Chi\u1ebfn s\u0129 thi \u0111ua c\u1ea5p c\u01a1 s\u1edf, c\u1ea5p \u0110HQG H\u00e0 N\u1ed9i qua c\u00e1c n\u0103m.<\/span><\/p><p><span style=\"color: #000000;\">&#8211; Nhi\u1ec1u c\u00e1n b\u1ed9 \u0111\u01b0\u1ee3c t\u1eb7ng Hu\u00e2n ch\u01b0\u01a1ng lao \u0111\u1ed9ng h\u1ea1ng Ba, Huy ch\u01b0\u01a1ng kh\u00e1ng chi\u1ebfn, B\u1eb1ng khen c\u1ee7a Th\u1ee7 t\u01b0\u1edbng Ch\u00ednh ph\u1ee7, B\u1eb1ng khen c\u1ee7a \u0110\u1ea1i h\u1ecdc Qu\u1ed1c gia H\u00e0 N\u1ed9i, Huy ch\u01b0\u01a1ng V\u00ec s\u1ef1 nghi\u1ec7p Gi\u00e1o d\u1ee5c, Huy ch\u01b0\u01a1ng V\u00ec s\u1ef1 nghi\u1ec7p khoa h\u1ecdc v\u00e0 c\u00f4ng ngh\u1ec7, Huy ch\u01b0\u01a1ng V\u00ec s\u1ef1 nghi\u1ec7p c\u00e1c h\u1ed9i khoa h\u1ecdc v\u00e0 k\u1ef9 thu\u1eadt&#8230;<\/span><\/p>\t\t\t\t\t\t<\/div>\n\t\t\t\t<\/div>\n\t\t\t\t\t<\/div>\n\t\t<\/div>\n\t\t\t\t\t\t\t<\/div>\n\t\t<\/section>\n\t\t\t\t<section class=\"elementor-section elementor-top-section elementor-element elementor-element-0ad026c elementor-section-boxed elementor-section-height-default elementor-section-height-default\" data-id=\"0ad026c\" data-element_type=\"section\">\n\t\t\t\t\t\t<div class=\"elementor-container elementor-column-gap-default\">\n\t\t\t\t\t<div class=\"elementor-column elementor-col-100 elementor-top-column elementor-element elementor-element-0aff756\" data-id=\"0aff756\" data-element_type=\"column\">\n\t\t\t<div class=\"elementor-widget-wrap elementor-element-populated\">\n\t\t\t\t\t\t\t\t<div class=\"elementor-element elementor-element-31b1d2d elementor-widget elementor-widget-image\" data-id=\"31b1d2d\" data-element_type=\"widget\" data-widget_type=\"image.default\">\n\t\t\t\t<div class=\"elementor-widget-container\">\n\t\t\t<style>\/*! elementor - v3.11.5 - 14-03-2023 *\/\n.elementor-widget-image{text-align:center}.elementor-widget-image a{display:inline-block}.elementor-widget-image a img[src$=\".svg\"]{width:48px}.elementor-widget-image img{vertical-align:middle;display:inline-block}<\/style>\t\t\t\t\t\t\t\t\t\t\t\t<img decoding=\"async\" width=\"700\" height=\"393\" src=\"https:\/\/humangeography.edu.vn\/wp-content\/uploads\/2023\/05\/img-bgt-2021-z3325003260512-e1c2ceea4578d5e983864cf21256c951-1649394087-width1280height720.jpg\" class=\"attachment-large size-large wp-image-181\" alt=\"\" loading=\"lazy\" srcset=\"https:\/\/humangeography.edu.vn\/wp-content\/uploads\/2023\/05\/img-bgt-2021-z3325003260512-e1c2ceea4578d5e983864cf21256c951-1649394087-width1280height720.jpg 700w, https:\/\/humangeography.edu.vn\/wp-content\/uploads\/2023\/05\/img-bgt-2021-z3325003260512-e1c2ceea4578d5e983864cf21256c951-1649394087-width1280height720-300x168.jpg 300w\" sizes=\"(max-width: 700px) 100vw, 700px\" \/>\t\t\t\t\t\t\t\t\t\t\t\t\t\t\t<\/div>\n\t\t\t\t<\/div>\n\t\t\t\t<div class=\"elementor-element elementor-element-73cadbe elementor-widget elementor-widget-text-editor\" data-id=\"73cadbe\" data-element_type=\"widget\" data-widget_type=\"text-editor.default\">\n\t\t\t\t<div class=\"elementor-widget-container\">\n\t\t\t\t\t\t\t<p style=\"text-align: center;\"><em><span style=\"color: #000000;\">Demo Hu\u00e2n ch\u01b0\u01a1ng lao \u0111\u1ed9ng h\u1ea1ng ba<\/span><\/em><\/p>\t\t\t\t\t\t<\/div>\n\t\t\t\t<\/div>\n\t\t\t\t\t<\/div>\n\t\t<\/div>\n\t\t\t\t\t\t\t<\/div>\n\t\t<\/section>\n\t\t\t\t<section class=\"elementor-section elementor-top-section elementor-element elementor-element-5481b35 elementor-section-boxed elementor-section-height-default elementor-section-height-default\" data-id=\"5481b35\" data-element_type=\"section\">\n\t\t\t\t\t\t<div class=\"elementor-container elementor-column-gap-default\">\n\t\t\t\t\t<div class=\"elementor-column elementor-col-100 elementor-top-column elementor-element elementor-element-9102eed\" data-id=\"9102eed\" data-element_type=\"column\">\n\t\t\t<div class=\"elementor-widget-wrap elementor-element-populated\">\n\t\t\t\t\t\t\t\t<div class=\"elementor-element elementor-element-3116f5e elementor-widget elementor-widget-image\" data-id=\"3116f5e\" data-element_type=\"widget\" data-widget_type=\"image.default\">\n\t\t\t\t<div class=\"elementor-widget-container\">\n\t\t\t\t\t\t\t\t\t\t\t\t\t\t\t<img decoding=\"async\" width=\"750\" height=\"529\" src=\"https:\/\/humangeography.edu.vn\/wp-content\/uploads\/2023\/05\/VNU-Phan-Khanh-Trung-2017-photo-by-Bui-Tuan-2-1024x722.jpg\" class=\"attachment-large size-large wp-image-182\" alt=\"\" loading=\"lazy\" srcset=\"https:\/\/humangeography.edu.vn\/wp-content\/uploads\/2023\/05\/VNU-Phan-Khanh-Trung-2017-photo-by-Bui-Tuan-2-1024x722.jpg 1024w, https:\/\/humangeography.edu.vn\/wp-content\/uploads\/2023\/05\/VNU-Phan-Khanh-Trung-2017-photo-by-Bui-Tuan-2-300x212.jpg 300w, https:\/\/humangeography.edu.vn\/wp-content\/uploads\/2023\/05\/VNU-Phan-Khanh-Trung-2017-photo-by-Bui-Tuan-2-768x542.jpg 768w, https:\/\/humangeography.edu.vn\/wp-content\/uploads\/2023\/05\/VNU-Phan-Khanh-Trung-2017-photo-by-Bui-Tuan-2.jpg 1500w\" sizes=\"(max-width: 750px) 100vw, 750px\" \/>\t\t\t\t\t\t\t\t\t\t\t\t\t\t\t<\/div>\n\t\t\t\t<\/div>\n\t\t\t\t<div class=\"elementor-element elementor-element-892bea5 elementor-widget elementor-widget-text-editor\" data-id=\"892bea5\" data-element_type=\"widget\" data-widget_type=\"text-editor.default\">\n\t\t\t\t<div class=\"elementor-widget-container\">\n\t\t\t\t\t\t\t<p style=\"text-align: center;\"><em><span style=\"color: #000000;\">Demo B\u1eb1ng khen v\u00ec s\u1ef1 nghi\u1ec7p ph\u00e1t tri\u1ec3n \u0110\u1ea1i h\u1ecdc qu\u1ed1c gia<\/span><\/em><\/p>\t\t\t\t\t\t<\/div>\n\t\t\t\t<\/div>\n\t\t\t\t\t<\/div>\n\t\t<\/div>\n\t\t\t\t\t\t\t<\/div>\n\t\t<\/section>\n\t\t\t\t<section class=\"elementor-section elementor-top-section elementor-element elementor-element-2bdbba1 elementor-section-boxed elementor-section-height-default elementor-section-height-default\" data-id=\"2bdbba1\" data-element_type=\"section\">\n\t\t\t\t\t\t<div class=\"elementor-container elementor-column-gap-default\">\n\t\t\t\t\t<div class=\"elementor-column elementor-col-100 elementor-top-column elementor-element elementor-element-db1a1db\" data-id=\"db1a1db\" data-element_type=\"column\">\n\t\t\t<div class=\"elementor-widget-wrap elementor-element-populated\">\n\t\t\t\t\t\t\t\t<div class=\"elementor-element elementor-element-d055804 elementor-widget elementor-widget-image\" data-id=\"d055804\" data-element_type=\"widget\" data-widget_type=\"image.default\">\n\t\t\t\t<div class=\"elementor-widget-container\">\n\t\t\t\t\t\t\t\t\t\t\t\t\t\t\t<img decoding=\"async\" width=\"577\" height=\"444\" src=\"https:\/\/humangeography.edu.vn\/wp-content\/uploads\/2023\/05\/024020427.jpg\" class=\"attachment-large size-large wp-image-183\" alt=\"\" loading=\"lazy\" srcset=\"https:\/\/humangeography.edu.vn\/wp-content\/uploads\/2023\/05\/024020427.jpg 577w, https:\/\/humangeography.edu.vn\/wp-content\/uploads\/2023\/05\/024020427-300x231.jpg 300w\" sizes=\"(max-width: 577px) 100vw, 577px\" \/>\t\t\t\t\t\t\t\t\t\t\t\t\t\t\t<\/div>\n\t\t\t\t<\/div>\n\t\t\t\t<div class=\"elementor-element elementor-element-af322f4 elementor-widget elementor-widget-text-editor\" data-id=\"af322f4\" data-element_type=\"widget\" data-widget_type=\"text-editor.default\">\n\t\t\t\t<div class=\"elementor-widget-container\">\n\t\t\t\t\t\t\t<p style=\"text-align: center;\"><em><span style=\"color: #000000;\">Demo Huy ch\u01b0\u01a1ng v\u00ec s\u1ef1 nghi\u1ec7p gi\u00e1o d\u1ee5c<\/span><\/em><\/p>\t\t\t\t\t\t<\/div>\n\t\t\t\t<\/div>\n\t\t\t\t\t<\/div>\n\t\t<\/div>\n\t\t\t\t\t\t\t<\/div>\n\t\t<\/section>\n\t\t\t\t\t\t\t<\/div>\n\t\t","protected":false},"excerpt":{"rendered":"<p>Department Human Geography and planning Trong chi\u1ec1u d\u00e0i 26 n\u0103m ph\u00e1t tri\u1ec3n c\u1ee7a m\u00ecnh, B\u1ed9 m\u00f4n \u0110\u1ecba nh\u00e2n v\u0103n v\u00e0 &hellip; <\/p>\n","protected":false},"author":2,"featured_media":0,"parent":0,"menu_order":0,"comment_status":"closed","ping_status":"closed","template":"","meta":[],"_links":{"self":[{"href":"https:\/\/humangeography.edu.vn\/index.php?rest_route=\/wp\/v2\/pages\/51"}],"collection":[{"href":"https:\/\/humangeography.edu.vn\/index.php?rest_route=\/wp\/v2\/pages"}],"about":[{"href":"https:\/\/humangeography.edu.vn\/index.php?rest_route=\/wp\/v2\/types\/page"}],"author":[{"embeddable":true,"href":"https:\/\/humangeography.edu.vn\/index.php?rest_route=\/wp\/v2\/users\/2"}],"replies":[{"embeddable":true,"href":"https:\/\/humangeography.edu.vn\/index.php?rest_route=%2Fwp%2Fv2%2Fcomments&post=51"}],"version-history":[{"count":13,"href":"https:\/\/humangeography.edu.vn\/index.php?rest_route=\/wp\/v2\/pages\/51\/revisions"}],"predecessor-version":[{"id":362,"href":"https:\/\/humangeography.edu.vn\/index.php?rest_route=\/wp\/v2\/pages\/51\/revisions\/362"}],"wp:attachment":[{"href":"https:\/\/humangeography.edu.vn\/index.php?rest_route=%2Fwp%2Fv2%2Fmedia&parent=51"}],"curies":[{"name":"wp","href":"https:\/\/api.w.org\/{rel}","templated":true}]}}