{"id":47,"date":"2023-05-26T17:53:55","date_gmt":"2023-05-26T10:53:55","guid":{"rendered":"https:\/\/geog-vnu.edu.vn\/?page_id=47"},"modified":"2023-05-29T09:08:08","modified_gmt":"2023-05-29T02:08:08","slug":"lich-su","status":"publish","type":"page","link":"https:\/\/humangeography.edu.vn\/?page_id=47","title":{"rendered":"L\u1ecbch s\u1eed h\u00ecnh th\u00e0nh"},"content":{"rendered":"\t\t<div data-elementor-type=\"wp-page\" data-elementor-id=\"47\" class=\"elementor elementor-47\">\n\t\t\t\t\t\t\t\t\t<section class=\"elementor-section elementor-top-section elementor-element elementor-element-0d0c852 elementor-section-boxed elementor-section-height-default elementor-section-height-default\" data-id=\"0d0c852\" data-element_type=\"section\">\n\t\t\t\t\t\t<div class=\"elementor-container elementor-column-gap-default\">\n\t\t\t\t\t<div class=\"elementor-column elementor-col-100 elementor-top-column elementor-element elementor-element-271d748\" data-id=\"271d748\" data-element_type=\"column\">\n\t\t\t<div class=\"elementor-widget-wrap elementor-element-populated\">\n\t\t\t\t\t\t\t\t<div class=\"elementor-element elementor-element-6deda4b elementor--h-position-center elementor--v-position-middle elementor-arrows-position-inside elementor-pagination-position-inside elementor-widget elementor-widget-slides\" data-id=\"6deda4b\" data-element_type=\"widget\" data-settings=\"{&quot;navigation&quot;:&quot;both&quot;,&quot;autoplay&quot;:&quot;yes&quot;,&quot;pause_on_hover&quot;:&quot;yes&quot;,&quot;pause_on_interaction&quot;:&quot;yes&quot;,&quot;autoplay_speed&quot;:5000,&quot;infinite&quot;:&quot;yes&quot;,&quot;transition&quot;:&quot;slide&quot;,&quot;transition_speed&quot;:500}\" data-widget_type=\"slides.default\">\n\t\t\t\t<div class=\"elementor-widget-container\">\n\t\t\t<style>\/*! elementor-pro - v3.12.3 - 23-04-2023 *\/\n.elementor-slides .swiper-slide-bg{background-size:cover;background-position:50%;background-repeat:no-repeat;min-width:100%;min-height:100%}.elementor-slides .swiper-slide-inner{background-repeat:no-repeat;background-position:50%;position:absolute;top:0;left:0;bottom:0;right:0;padding:50px;margin:auto}.elementor-slides .swiper-slide-inner,.elementor-slides .swiper-slide-inner:hover{color:#fff;display:flex}.elementor-slides .swiper-slide-inner .elementor-background-overlay{position:absolute;z-index:0;top:0;bottom:0;left:0;right:0}.elementor-slides .swiper-slide-inner .elementor-slide-content{position:relative;z-index:1;width:100%}.elementor-slides .swiper-slide-inner .elementor-slide-heading{font-size:35px;font-weight:700;line-height:1}.elementor-slides .swiper-slide-inner .elementor-slide-description{font-size:17px;line-height:1.4}.elementor-slides .swiper-slide-inner .elementor-slide-description:not(:last-child),.elementor-slides .swiper-slide-inner .elementor-slide-heading:not(:last-child){margin-bottom:30px}.elementor-slides .swiper-slide-inner .elementor-slide-button{border:2px solid #fff;color:#fff;background:transparent;display:inline-block}.elementor-slides .swiper-slide-inner .elementor-slide-button,.elementor-slides .swiper-slide-inner .elementor-slide-button:hover{background:transparent;color:inherit;text-decoration:none}.elementor--v-position-top .swiper-slide-inner{align-items:flex-start}.elementor--v-position-bottom .swiper-slide-inner{align-items:flex-end}.elementor--v-position-middle .swiper-slide-inner{align-items:center}.elementor--h-position-left .swiper-slide-inner{justify-content:flex-start}.elementor--h-position-right .swiper-slide-inner{justify-content:flex-end}.elementor--h-position-center .swiper-slide-inner{justify-content:center}body.rtl .elementor-widget-slides .elementor-swiper-button-next{left:10px;right:auto}body.rtl .elementor-widget-slides .elementor-swiper-button-prev{right:10px;left:auto}.elementor-slides-wrapper div:not(.swiper-slide)>.swiper-slide-inner{display:none}@media (max-width:767px){.elementor-slides .swiper-slide-inner{padding:30px}.elementor-slides .swiper-slide-inner .elementor-slide-heading{font-size:23px;line-height:1;margin-bottom:15px}.elementor-slides .swiper-slide-inner .elementor-slide-description{font-size:13px;line-height:1.4;margin-bottom:15px}}<\/style>\t\t<div class=\"elementor-swiper\">\n\t\t\t<div class=\"elementor-slides-wrapper elementor-main-swiper swiper-container\" dir=\"ltr\" data-animation=\"fadeInUp\">\n\t\t\t\t<div class=\"swiper-wrapper elementor-slides\">\n\t\t\t\t\t\t\t\t\t\t<div class=\"elementor-repeater-item-2452888 swiper-slide\"><div class=\"swiper-slide-bg\"><\/div><div class=\"swiper-slide-inner\" ><div class=\"swiper-slide-contents\"><div class=\"elementor-slide-heading\">Department Human Geography and planning<\/div><\/div><\/div><\/div>\t\t\t\t<\/div>\n\t\t\t\t\t\t\t<\/div>\n\t\t<\/div>\n\t\t\t\t<\/div>\n\t\t\t\t<\/div>\n\t\t\t\t\t<\/div>\n\t\t<\/div>\n\t\t\t\t\t\t\t<\/div>\n\t\t<\/section>\n\t\t\t\t<section class=\"elementor-section elementor-top-section elementor-element elementor-element-8ccfcbe elementor-section-boxed elementor-section-height-default elementor-section-height-default\" data-id=\"8ccfcbe\" data-element_type=\"section\">\n\t\t\t\t\t\t<div class=\"elementor-container elementor-column-gap-default\">\n\t\t\t\t\t<div class=\"elementor-column elementor-col-100 elementor-top-column elementor-element elementor-element-39fa525\" data-id=\"39fa525\" data-element_type=\"column\">\n\t\t\t<div class=\"elementor-widget-wrap elementor-element-populated\">\n\t\t\t\t\t\t\t\t<div class=\"elementor-element elementor-element-b2beaac elementor-widget elementor-widget-text-editor\" data-id=\"b2beaac\" data-element_type=\"widget\" data-widget_type=\"text-editor.default\">\n\t\t\t\t<div class=\"elementor-widget-container\">\n\t\t\t<style>\/*! elementor - v3.11.5 - 14-03-2023 *\/\n.elementor-widget-text-editor.elementor-drop-cap-view-stacked .elementor-drop-cap{background-color:#818a91;color:#fff}.elementor-widget-text-editor.elementor-drop-cap-view-framed .elementor-drop-cap{color:#818a91;border:3px solid;background-color:transparent}.elementor-widget-text-editor:not(.elementor-drop-cap-view-default) .elementor-drop-cap{margin-top:8px}.elementor-widget-text-editor:not(.elementor-drop-cap-view-default) .elementor-drop-cap-letter{width:1em;height:1em}.elementor-widget-text-editor .elementor-drop-cap{float:left;text-align:center;line-height:1;font-size:50px}.elementor-widget-text-editor .elementor-drop-cap-letter{display:inline-block}<\/style>\t\t\t\t<p style=\"line-height: 130%; text-align: center;\"><strong><span style=\"color: #000000;\"><a style=\"color: #000000;\"><span style=\"font-size: 13pt; line-height: 130%;\">B\u1ed9 m\u00f4n <\/span><\/a><span lang=\"X-NONE\" style=\"font-size: 13pt; line-height: 130%;\">\u0110\u1ecba nh\u00e2n v\u0103n v\u00e0 <\/span><span style=\"font-size: 13pt; line-height: 130%;\">Quy ho\u1ea1ch<\/span><\/span><\/strong><\/p><p style=\"line-height: 130%; text-align: center;\"><span style=\"color: #000000;\"><b><span style=\"font-size: 13.0pt; line-height: 107%; font-family: 'Times New Roman',serif; mso-bidi-theme-font: minor-bidi;\">(Department of Human Geography and Planning)<\/span><\/b><\/span><\/p><p style=\"text-align: justify; text-indent: 28.35pt; line-height: 120%; margin: 2.0pt 0in 2.0pt 0in;\"><span style=\"color: #000000;\"><span style=\"font-family: 'Times New Roman',serif; mso-bidi-theme-font: minor-bidi;\">B\u1ed9 m\u00f4n \u0110\u1ecba nh\u00e2n v\u0103n v\u00e0 Quy ho\u1ea1ch c\u00f3 ti\u1ec1n th\u00e2n l\u00e0 B\u1ed9 m\u00f4n \u0110\u1ecba nh\u00e2n v\u0103n v\u00e0 Kinh t\u1ebf sinh th\u00e1i, \u0111\u01b0\u1ee3c th\u00e0nh l\u1eadp t\u1eeb n\u0103m 1997 tr\u00ean c\u01a1 s\u1edf k\u1ebft h\u1ee3p gi\u1eefa vi\u1ec7c nh\u1eadn th\u1ee9c s\u00e2u s\u1eafc v\u1ec1 s\u1ef1 ph\u00e1t tri\u1ec3n \u0110\u1ecba l\u00fd nh\u00e2n v\u0103n tr\u00ean th\u1ebf gi\u1edbi, v\u1edbi \u00fd t\u01b0\u1edfng n\u1ea3y sinh trong qu\u00e1 tr\u00ecnh \u0111em ki\u1ebfn th\u1ee9c \u0111\u1ecba l\u00fd ph\u1ee5c v\u1ee5 th\u1ef1c t\u1ebf s\u1ea3n xu\u1ea5t t\u1eeb nh\u1eefng n\u0103m 80 c\u1ee7a th\u1ebf k\u1ef7 XX <\/span><span lang=\"VI\" style=\"font-family: 'Times New Roman',serif; mso-bidi-theme-font: minor-bidi; mso-ansi-language: VI;\">c\u1ee7a <\/span><span style=\"font-family: 'Times New Roman',serif; mso-bidi-theme-font: minor-bidi;\">th\u1ea7y v\u00e0 tr\u00f2 Khoa \u0110\u1ecba l\u00fd &#8211; \u0110\u1ecba ch\u1ea5t, Tr\u01b0\u1eddng \u0110\u1ea1i h\u1ecdc T\u1ed5ng h\u1ee3p H\u00e0 N\u1ed9i. <\/span><span lang=\"VI\" style=\"font-family: 'Times New Roman',serif; mso-bidi-theme-font: minor-bidi; mso-ansi-language: VI;\">\u00a0\u00a0\u00a0\u00a0\u00a0\u00a0<\/span><\/span><\/p><p style=\"text-align: justify; text-indent: 28.35pt; line-height: 120%; margin: 2.0pt 0in 2.0pt 0in;\"><span style=\"color: #000000;\"><span lang=\"VI\" style=\"font-family: 'Times New Roman',serif; mso-bidi-theme-font: minor-bidi; mso-ansi-language: VI;\">M\u1ee5c ti\u00eau ho\u1ea1t \u0111\u1ed9ng ch\u00ednh c\u1ee7a B\u1ed9 m\u00f4n l\u00e0 nghi\u00ean c\u1ee9u khoa h\u1ecdc v\u00e0 gi\u1ea3ng d\u1ea1y v\u1ec1 \u0111\u1eb7c \u0111i\u1ec3m con ng\u01b0\u1eddi v\u00e0 c\u00e1c c\u1ed9ng \u0111\u1ed3ng tr\u00ean c\u01a1 s\u1edf hi\u1ec3u bi\u1ebft quy lu\u1eadt ph\u00e2n h\u00f3a l\u00e3nh th\u1ed5 c\u00e1c v\u00f9ng, h\u01b0\u1edbng ho\u1ea1t \u0111\u1ed9ng kinh t\u1ebf c\u00f3 hi\u1ec7u qu\u1ea3 v\u00e0 b\u1ec1n v\u1eefng. B\u1ed9 m\u00f4n \u0110\u1ecba nh\u00e2n v\u0103n v\u00e0 <\/span><span style=\"font-family: 'Times New Roman',serif; mso-bidi-theme-font: minor-bidi;\">Quy ho\u1ea1ch<\/span><span lang=\"VI\" style=\"font-family: 'Times New Roman',serif; mso-bidi-theme-font: minor-bidi; mso-ansi-language: VI;\"> \u0111\u00e3 c\u00f3 nh\u1eefng h\u01b0\u1edbng nghi\u00ean c\u1ee9u \u0111\u1eb7c th\u00f9 r\u1ea5t ph\u00f9 h\u1ee3p v\u1edbi nhu c\u1ea7u c\u1ea5p b\u00e1ch c\u1ee7a con ng\u01b0\u1eddi v\u00e0 x\u00e3 h\u1ed9i hi\u1ec7n \u0111\u1ea1i<\/span><span style=\"font-family: 'Times New Roman',serif; mso-bidi-theme-font: minor-bidi;\">,<\/span> <span style=\"font-family: 'Times New Roman',serif; mso-bidi-theme-font: minor-bidi;\">d\u1ef1a tr\u00ean quan \u0111i\u1ec3m ph\u00e1t tri\u1ec3n b\u1ec1n v\u1eefng<\/span><span lang=\"VI\" style=\"font-family: 'Times New Roman',serif; mso-bidi-theme-font: minor-bidi; mso-ansi-language: VI;\">.<\/span><\/span><\/p><p style=\"text-align: justify; text-indent: 28.35pt; line-height: 120%; margin: 2.0pt 0in 2.0pt 0in;\"><span style=\"color: #000000;\"><span lang=\"VI\" style=\"font-family: 'Times New Roman',serif; mso-bidi-theme-font: minor-bidi; mso-ansi-language: VI;\">S\u1ef1 ra \u0111\u1eddi c\u1ee7a B\u1ed9 m\u00f4n \u0110\u1ecba nh\u00e2n v\u0103n v\u00e0 <\/span><span style=\"font-family: 'Times New Roman',serif; mso-bidi-theme-font: minor-bidi;\">Kinh t\u1ebf sinh th\u00e1i<\/span><span lang=\"VI\" style=\"font-family: 'Times New Roman',serif; mso-bidi-theme-font: minor-bidi; mso-ansi-language: VI;\"> \u0111\u00e1nh d\u1ea5u m\u1ed9t b\u01b0\u1edbc tr\u01b0\u1edfng th\u00e0nh c\u1ee7a Khoa \u0110\u1ecba l\u00fd &#8211; Tr\u01b0\u1eddng \u0110\u1ea1i h\u1ecdc Khoa h\u1ecdc T\u1ef1 nhi\u00ean, \u0110\u1ea1i h\u1ecdc Qu\u1ed1c gia H\u00e0 N\u1ed9i, c\u1ea3 v\u1ec1 c\u01a1 c\u1ea5u chuy\u00ean ng\u00e0nh, \u00fd t\u01b0\u1edfng v\u00e0 m\u1ee5c ti\u00eau ho\u1ea1t \u0111\u1ed9ng h\u01b0\u1edbng \u0111\u1ebfn s\u1ef1 ph\u00e1t tri\u1ec3n l\u00e2u b\u1ec1n <\/span><span style=\"font-family: 'Times New Roman',serif; mso-bidi-theme-font: minor-bidi;\">c\u1ee7a c\u00e1c c\u1ed9ng \u0111\u1ed3ng \u0111\u1ecba ph\u01b0\u01a1ng<\/span><span lang=\"VI\" style=\"font-family: 'Times New Roman',serif; mso-bidi-theme-font: minor-bidi; mso-ansi-language: VI;\">; l\u00fd thuy\u1ebft ho\u00e1 m\u1ed9t c\u00e1ch b\u00e0i b\u1ea3n m\u1ed1i t\u01b0\u01a1ng quan gi\u1eefa &#8220;<i>Ph\u00e1t tri\u1ec3n v\u00e0 M\u00f4i tr\u01b0\u1eddng<\/i>&#8221; v\u00e0 c\u1ee5 th\u1ec3 ho\u00e1 nhi\u1ec7m v\u1ee5 &#8220;<\/span><i><span style=\"font-family: 'Times New Roman',serif; mso-bidi-theme-font: minor-bidi;\">H<\/span><\/i><i><span lang=\"VI\" style=\"font-family: 'Times New Roman',serif; mso-bidi-theme-font: minor-bidi; mso-ansi-language: VI;\">\u00e3y c\u1ee9u l\u1ea5y Tr\u00e1i \u0111\u1ea5t<\/span><\/i><span lang=\"VI\" style=\"font-family: 'Times New Roman',serif; mso-bidi-theme-font: minor-bidi; mso-ansi-language: VI;\">&#8221; b\u1eb1ng m\u1ed9t h\u01b0\u1edbng ti\u1ebfp c\u1eadn <\/span><span style=\"font-family: 'Times New Roman',serif; mso-bidi-theme-font: minor-bidi;\">li\u00ean ng\u00e0nh <\/span><span lang=\"VI\" style=\"font-family: 'Times New Roman',serif; mso-bidi-theme-font: minor-bidi; mso-ansi-language: VI;\">ho\u00e0n to\u00e0n m\u1edbi \u0111\u1ebfn l\u00e3nh th\u1ed5, t\u00e0i nguy\u00ean v\u00e0 con ng\u01b0\u1eddi, kinh t\u1ebf v\u00e0 m\u00f4i tr\u01b0\u1eddng. \u0110\u00f3 l\u00e0 c\u00e1ch th\u1ee9c l\u00e0m kinh t\u1ebf ph\u00f9 h\u1ee3p v\u1edbi quy lu\u1eadt c\u1ea5u tr\u00fac t\u1ef1 nhi\u00ean c\u1ee7a l\u00e3nh th\u1ed5; \u0111\u1eb7t s\u1ef1 ph\u00e1t tri\u1ec3n kinh t\u1ebf x\u00e3 h\u1ed9i theo quy lu\u1eadt bi\u1ebfn \u0111\u1ed5i c\u1ee7a th\u1ebf gi\u1edbi v\u1eadt ch\u1ea5t t\u1ef1 nhi\u00ean v\u1edbi th\u1eddi gian theo quy lu\u1eadt v\u1eadn \u0111\u1ed9ng kh\u00e1ch quan.<\/span><\/span><\/p><p style=\"text-align: justify; text-indent: 28.35pt; line-height: 120%; margin: 2.0pt 0in 2.0pt 0in;\"><span style=\"font-family: 'Times New Roman', serif; color: #000000;\">\u0110\u00edch \u0111\u1ebfn cu\u1ed1i c\u00f9ng c\u1ee7a \u0110\u1ecba l\u00fd h\u1ecdc l\u00e0 ti\u1ebfn t\u1edbi ph\u1ee5c v\u1ee5 con ng\u01b0\u1eddi th\u00f4ng qua vi\u1ec7c \u0111\u1ecbnh h\u01b0\u1edbng t\u1ed5 ch\u1ee9c v\u00e0 qu\u1ea3n l\u00fd l\u00e3nh th\u1ed5. Th\u1ef1c t\u1ebf, h\u01b0\u1edbng n\u00e0y \u0111\u00e3 \u0111\u01b0\u1ee3c \u0111\u1eb7t ra v\u00e0 th\u1ef1c hi\u1ec7n t\u1eeb r\u1ea5t s\u1edbm t\u1ea1i Khoa \u0110\u1ecba l\u00fd n\u00f3i chung v\u00e0 B\u1ed9 m\u00f4n \u0110\u1ecba nh\u00e2n v\u0103n n\u00f3i ri\u00eang. Nh\u1eadn th\u1ee9c \u0111\u01b0\u1ee3c nhu c\u1ea7u x\u00e3 h\u1ed9i v\u00e0 th\u1ef1c ti\u1ec5n ph\u00e1t tri\u1ec3n kinh t\u1ebf c\u1ee7a \u0111\u1ea5t n\u01b0\u1edbc, t\u1eeb n\u0103m 2018, B\u1ed9 m\u00f4n \u0111\u00e3 \u0111\u01b0\u1ee3c \u0111\u1ed5i t\u00ean th\u00e0nh \u201c<b><i>\u0110\u1ecba nh\u00e2n v\u0103n v\u00e0 Quy ho\u1ea1ch<\/i><\/b>\u201d, \u0111\u00e1p \u1ee9ng \u0111\u1ecbnh h\u01b0\u1edbng chi\u1ebfn l\u01b0\u1ee3c \u0111\u1ed5i m\u1edbi c\u1ee7a Khoa \u0110\u1ecba l\u00fd.<\/span><\/p>\t\t\t\t\t\t<\/div>\n\t\t\t\t<\/div>\n\t\t\t\t<div class=\"elementor-element elementor-element-f2b0f56 elementor-widget__width-inherit elementor-widget elementor-widget-image\" data-id=\"f2b0f56\" data-element_type=\"widget\" data-widget_type=\"image.default\">\n\t\t\t\t<div class=\"elementor-widget-container\">\n\t\t\t<style>\/*! elementor - v3.11.5 - 14-03-2023 *\/\n.elementor-widget-image{text-align:center}.elementor-widget-image a{display:inline-block}.elementor-widget-image a img[src$=\".svg\"]{width:48px}.elementor-widget-image img{vertical-align:middle;display:inline-block}<\/style>\t\t\t\t\t\t\t\t\t\t\t\t<img decoding=\"async\" width=\"750\" height=\"354\" src=\"https:\/\/humangeography.edu.vn\/wp-content\/uploads\/2023\/05\/2-1024x483.jpg\" class=\"attachment-large size-large wp-image-123\" alt=\"\" loading=\"lazy\" srcset=\"https:\/\/humangeography.edu.vn\/wp-content\/uploads\/2023\/05\/2-1024x483.jpg 1024w, https:\/\/humangeography.edu.vn\/wp-content\/uploads\/2023\/05\/2-300x141.jpg 300w, https:\/\/humangeography.edu.vn\/wp-content\/uploads\/2023\/05\/2-768x362.jpg 768w, https:\/\/humangeography.edu.vn\/wp-content\/uploads\/2023\/05\/2-1536x724.jpg 1536w, https:\/\/humangeography.edu.vn\/wp-content\/uploads\/2023\/05\/2.jpg 2000w\" sizes=\"(max-width: 750px) 100vw, 750px\" \/>\t\t\t\t\t\t\t\t\t\t\t\t\t\t\t<\/div>\n\t\t\t\t<\/div>\n\t\t\t\t\t<\/div>\n\t\t<\/div>\n\t\t\t\t\t\t\t<\/div>\n\t\t<\/section>\n\t\t\t\t<section class=\"elementor-section elementor-top-section elementor-element elementor-element-48be8da elementor-section-boxed elementor-section-height-default elementor-section-height-default\" data-id=\"48be8da\" data-element_type=\"section\">\n\t\t\t\t\t\t<div class=\"elementor-container elementor-column-gap-default\">\n\t\t\t\t\t<div class=\"elementor-column elementor-col-100 elementor-top-column elementor-element elementor-element-ad04204\" data-id=\"ad04204\" data-element_type=\"column\">\n\t\t\t<div class=\"elementor-widget-wrap\">\n\t\t\t\t\t\t\t\t\t<\/div>\n\t\t<\/div>\n\t\t\t\t\t\t\t<\/div>\n\t\t<\/section>\n\t\t\t\t\t\t\t<\/div>\n\t\t","protected":false},"excerpt":{"rendered":"<p>Department Human Geography and planning B\u1ed9 m\u00f4n \u0110\u1ecba nh\u00e2n v\u0103n v\u00e0 Quy ho\u1ea1ch (Department of Human Geography and Planning) B\u1ed9 &hellip; <\/p>\n","protected":false},"author":2,"featured_media":0,"parent":0,"menu_order":0,"comment_status":"closed","ping_status":"closed","template":"elementor_header_footer","meta":[],"_links":{"self":[{"href":"https:\/\/humangeography.edu.vn\/index.php?rest_route=\/wp\/v2\/pages\/47"}],"collection":[{"href":"https:\/\/humangeography.edu.vn\/index.php?rest_route=\/wp\/v2\/pages"}],"about":[{"href":"https:\/\/humangeography.edu.vn\/index.php?rest_route=\/wp\/v2\/types\/page"}],"author":[{"embeddable":true,"href":"https:\/\/humangeography.edu.vn\/index.php?rest_route=\/wp\/v2\/users\/2"}],"replies":[{"embeddable":true,"href":"https:\/\/humangeography.edu.vn\/index.php?rest_route=%2Fwp%2Fv2%2Fcomments&post=47"}],"version-history":[{"count":36,"href":"https:\/\/humangeography.edu.vn\/index.php?rest_route=\/wp\/v2\/pages\/47\/revisions"}],"predecessor-version":[{"id":353,"href":"https:\/\/humangeography.edu.vn\/index.php?rest_route=\/wp\/v2\/pages\/47\/revisions\/353"}],"wp:attachment":[{"href":"https:\/\/humangeography.edu.vn\/index.php?rest_route=%2Fwp%2Fv2%2Fmedia&parent=47"}],"curies":[{"name":"wp","href":"https:\/\/api.w.org\/{rel}","templated":true}]}}