{"id":44,"date":"2023-05-26T17:51:41","date_gmt":"2023-05-26T10:51:41","guid":{"rendered":"https:\/\/geog-vnu.edu.vn\/?page_id=44"},"modified":"2023-05-27T00:44:11","modified_gmt":"2023-05-26T17:44:11","slug":"lien-he","status":"publish","type":"page","link":"https:\/\/humangeography.edu.vn\/?page_id=44","title":{"rendered":"Li\u00ean h\u1ec7"},"content":{"rendered":"\t\t<div data-elementor-type=\"wp-page\" data-elementor-id=\"44\" class=\"elementor elementor-44\">\n\t\t\t\t\t\t\t\t\t<section class=\"elementor-section elementor-top-section elementor-element elementor-element-ade6643 elementor-section-boxed elementor-section-height-default elementor-section-height-default\" data-id=\"ade6643\" data-element_type=\"section\">\n\t\t\t\t\t\t<div class=\"elementor-container elementor-column-gap-default\">\n\t\t\t\t\t<div class=\"elementor-column elementor-col-100 elementor-top-column elementor-element elementor-element-118136b\" data-id=\"118136b\" data-element_type=\"column\">\n\t\t\t<div class=\"elementor-widget-wrap elementor-element-populated\">\n\t\t\t\t\t\t\t\t<div class=\"elementor-element elementor-element-8b2865d elementor-widget elementor-widget-text-editor\" data-id=\"8b2865d\" data-element_type=\"widget\" data-widget_type=\"text-editor.default\">\n\t\t\t\t<div class=\"elementor-widget-container\">\n\t\t\t<style>\/*! elementor - v3.11.5 - 14-03-2023 *\/\n.elementor-widget-text-editor.elementor-drop-cap-view-stacked .elementor-drop-cap{background-color:#818a91;color:#fff}.elementor-widget-text-editor.elementor-drop-cap-view-framed .elementor-drop-cap{color:#818a91;border:3px solid;background-color:transparent}.elementor-widget-text-editor:not(.elementor-drop-cap-view-default) .elementor-drop-cap{margin-top:8px}.elementor-widget-text-editor:not(.elementor-drop-cap-view-default) .elementor-drop-cap-letter{width:1em;height:1em}.elementor-widget-text-editor .elementor-drop-cap{float:left;text-align:center;line-height:1;font-size:50px}.elementor-widget-text-editor .elementor-drop-cap-letter{display:inline-block}<\/style>\t\t\t\t<p><span style=\"color: #000000;\">\u0110\u1ecba Ch\u1ec9: T\u1ea7ng 4, Nh\u00e0 T1, \u0110HKHTN, <\/span><span style=\"color: #000000;\">334 Nguy\u1ec5n Tr\u00e3i &#8211; Thanh Xu\u00e2n &#8211; H\u00e0 N\u1ed9i<\/span><br \/><span style=\"color: #000000;\">\u0110i\u1ec7n Tho\u1ea1i: (84)\u00a0243-8581420<\/span><br \/><span style=\"color: #000000;\">Email: khoadialy@hus.edu.vn<\/span><br \/><\/p>\t\t\t\t\t\t<\/div>\n\t\t\t\t<\/div>\n\t\t\t\t\t<\/div>\n\t\t<\/div>\n\t\t\t\t\t\t\t<\/div>\n\t\t<\/section>\n\t\t\t\t<section class=\"elementor-section elementor-top-section elementor-element elementor-element-6553db8 elementor-section-boxed elementor-section-height-default elementor-section-height-default\" data-id=\"6553db8\" data-element_type=\"section\">\n\t\t\t\t\t\t<div class=\"elementor-container elementor-column-gap-default\">\n\t\t\t\t\t<div class=\"elementor-column elementor-col-100 elementor-top-column elementor-element elementor-element-ede2719\" data-id=\"ede2719\" data-element_type=\"column\">\n\t\t\t<div class=\"elementor-widget-wrap elementor-element-populated\">\n\t\t\t\t\t\t\t\t<div class=\"elementor-element elementor-element-f08a89a elementor-widget elementor-widget-google_maps\" data-id=\"f08a89a\" data-element_type=\"widget\" data-widget_type=\"google_maps.default\">\n\t\t\t\t<div class=\"elementor-widget-container\">\n\t\t\t<style>\/*! elementor - v3.11.5 - 14-03-2023 *\/\n.elementor-widget-google_maps .elementor-widget-container{overflow:hidden}.elementor-widget-google_maps .elementor-custom-embed{line-height:0}.elementor-widget-google_maps iframe{height:300px}<\/style>\t\t<div class=\"elementor-custom-embed\">\n\t\t\t<iframe loading=\"lazy\"\n\t\t\t\t\tsrc=\"https:\/\/maps.google.com\/maps?q=334%20Nguy%E1%BB%85n%20Tr%C3%A3i%2C%20Thanh%20Xu%C3%A2n%2C%20H%C3%A0%20N%E1%BB%99i&#038;t=m&#038;z=10&#038;output=embed&#038;iwloc=near\"\n\t\t\t\t\ttitle=\"334 Nguy\u1ec5n Tr\u00e3i, Thanh Xu\u00e2n, H\u00e0 N\u1ed9i\"\n\t\t\t\t\taria-label=\"334 Nguy\u1ec5n Tr\u00e3i, Thanh Xu\u00e2n, H\u00e0 N\u1ed9i\"\n\t\t\t><\/iframe>\n\t\t<\/div>\n\t\t\t\t<\/div>\n\t\t\t\t<\/div>\n\t\t\t\t\t<\/div>\n\t\t<\/div>\n\t\t\t\t\t\t\t<\/div>\n\t\t<\/section>\n\t\t\t\t\t\t\t<\/div>\n\t\t","protected":false},"excerpt":{"rendered":"<p>\u0110\u1ecba Ch\u1ec9: T\u1ea7ng 4, Nh\u00e0 T1, \u0110HKHTN, 334 Nguy\u1ec5n Tr\u00e3i &#8211; Thanh Xu\u00e2n &#8211; H\u00e0 N\u1ed9i\u0110i\u1ec7n Tho\u1ea1i: (84)\u00a0243-8581420Email: khoadialy@hus.edu.vn<\/p>\n","protected":false},"author":2,"featured_media":0,"parent":0,"menu_order":0,"comment_status":"closed","ping_status":"closed","template":"","meta":[],"_links":{"self":[{"href":"https:\/\/humangeography.edu.vn\/index.php?rest_route=\/wp\/v2\/pages\/44"}],"collection":[{"href":"https:\/\/humangeography.edu.vn\/index.php?rest_route=\/wp\/v2\/pages"}],"about":[{"href":"https:\/\/humangeography.edu.vn\/index.php?rest_route=\/wp\/v2\/types\/page"}],"author":[{"embeddable":true,"href":"https:\/\/humangeography.edu.vn\/index.php?rest_route=\/wp\/v2\/users\/2"}],"replies":[{"embeddable":true,"href":"https:\/\/humangeography.edu.vn\/index.php?rest_route=%2Fwp%2Fv2%2Fcomments&post=44"}],"version-history":[{"count":4,"href":"https:\/\/humangeography.edu.vn\/index.php?rest_route=\/wp\/v2\/pages\/44\/revisions"}],"predecessor-version":[{"id":268,"href":"https:\/\/humangeography.edu.vn\/index.php?rest_route=\/wp\/v2\/pages\/44\/revisions\/268"}],"wp:attachment":[{"href":"https:\/\/humangeography.edu.vn\/index.php?rest_route=%2Fwp%2Fv2%2Fmedia&parent=44"}],"curies":[{"name":"wp","href":"https:\/\/api.w.org\/{rel}","templated":true}]}}