{"id":23,"date":"2023-03-27T14:11:05","date_gmt":"2023-03-27T07:11:05","guid":{"rendered":"https:\/\/geog-vnu.edu.vn\/?page_id=23"},"modified":"2023-06-07T14:10:21","modified_gmt":"2023-06-07T07:10:21","slug":"hop-tac","status":"publish","type":"page","link":"https:\/\/humangeography.edu.vn\/?page_id=23","title":{"rendered":"H\u1ee3p t\u00e1c qu\u1ed1c t\u1ebf"},"content":{"rendered":"\t\t<div data-elementor-type=\"wp-page\" data-elementor-id=\"23\" class=\"elementor elementor-23\">\n\t\t\t\t\t\t\t\t\t<section class=\"elementor-section elementor-top-section elementor-element elementor-element-d8ef107 elementor-section-boxed elementor-section-height-default elementor-section-height-default\" data-id=\"d8ef107\" data-element_type=\"section\">\n\t\t\t\t\t\t<div class=\"elementor-container elementor-column-gap-default\">\n\t\t\t\t\t<div class=\"elementor-column elementor-col-100 elementor-top-column elementor-element elementor-element-4deb035\" data-id=\"4deb035\" data-element_type=\"column\">\n\t\t\t<div class=\"elementor-widget-wrap elementor-element-populated\">\n\t\t\t\t\t\t\t\t<div class=\"elementor-element elementor-element-401563a elementor--h-position-center elementor--v-position-middle elementor-arrows-position-inside elementor-pagination-position-inside elementor-widget elementor-widget-slides\" data-id=\"401563a\" data-element_type=\"widget\" data-settings=\"{&quot;navigation&quot;:&quot;both&quot;,&quot;autoplay&quot;:&quot;yes&quot;,&quot;pause_on_hover&quot;:&quot;yes&quot;,&quot;pause_on_interaction&quot;:&quot;yes&quot;,&quot;autoplay_speed&quot;:5000,&quot;infinite&quot;:&quot;yes&quot;,&quot;transition&quot;:&quot;slide&quot;,&quot;transition_speed&quot;:500}\" data-widget_type=\"slides.default\">\n\t\t\t\t<div class=\"elementor-widget-container\">\n\t\t\t<style>\/*! elementor-pro - v3.12.3 - 23-04-2023 *\/\n.elementor-slides .swiper-slide-bg{background-size:cover;background-position:50%;background-repeat:no-repeat;min-width:100%;min-height:100%}.elementor-slides .swiper-slide-inner{background-repeat:no-repeat;background-position:50%;position:absolute;top:0;left:0;bottom:0;right:0;padding:50px;margin:auto}.elementor-slides .swiper-slide-inner,.elementor-slides .swiper-slide-inner:hover{color:#fff;display:flex}.elementor-slides .swiper-slide-inner .elementor-background-overlay{position:absolute;z-index:0;top:0;bottom:0;left:0;right:0}.elementor-slides .swiper-slide-inner .elementor-slide-content{position:relative;z-index:1;width:100%}.elementor-slides .swiper-slide-inner .elementor-slide-heading{font-size:35px;font-weight:700;line-height:1}.elementor-slides .swiper-slide-inner .elementor-slide-description{font-size:17px;line-height:1.4}.elementor-slides .swiper-slide-inner .elementor-slide-description:not(:last-child),.elementor-slides .swiper-slide-inner .elementor-slide-heading:not(:last-child){margin-bottom:30px}.elementor-slides .swiper-slide-inner .elementor-slide-button{border:2px solid #fff;color:#fff;background:transparent;display:inline-block}.elementor-slides .swiper-slide-inner .elementor-slide-button,.elementor-slides .swiper-slide-inner .elementor-slide-button:hover{background:transparent;color:inherit;text-decoration:none}.elementor--v-position-top .swiper-slide-inner{align-items:flex-start}.elementor--v-position-bottom .swiper-slide-inner{align-items:flex-end}.elementor--v-position-middle .swiper-slide-inner{align-items:center}.elementor--h-position-left .swiper-slide-inner{justify-content:flex-start}.elementor--h-position-right .swiper-slide-inner{justify-content:flex-end}.elementor--h-position-center .swiper-slide-inner{justify-content:center}body.rtl .elementor-widget-slides .elementor-swiper-button-next{left:10px;right:auto}body.rtl .elementor-widget-slides .elementor-swiper-button-prev{right:10px;left:auto}.elementor-slides-wrapper div:not(.swiper-slide)>.swiper-slide-inner{display:none}@media (max-width:767px){.elementor-slides .swiper-slide-inner{padding:30px}.elementor-slides .swiper-slide-inner .elementor-slide-heading{font-size:23px;line-height:1;margin-bottom:15px}.elementor-slides .swiper-slide-inner .elementor-slide-description{font-size:13px;line-height:1.4;margin-bottom:15px}}<\/style>\t\t<div class=\"elementor-swiper\">\n\t\t\t<div class=\"elementor-slides-wrapper elementor-main-swiper swiper-container\" dir=\"ltr\" data-animation=\"fadeInUp\">\n\t\t\t\t<div class=\"swiper-wrapper elementor-slides\">\n\t\t\t\t\t\t\t\t\t\t<div class=\"elementor-repeater-item-2452888 swiper-slide\"><div class=\"swiper-slide-bg\"><\/div><div class=\"swiper-slide-inner\" ><div class=\"swiper-slide-contents\"><div class=\"elementor-slide-heading\">B\u1ed9 m\u00f4n \u0110\u1ecba nh\u00e2n v\u0103n v\u00e0 Quy ho\u1ea1ch<\/div><\/div><\/div><\/div>\t\t\t\t<\/div>\n\t\t\t\t\t\t\t<\/div>\n\t\t<\/div>\n\t\t\t\t<\/div>\n\t\t\t\t<\/div>\n\t\t\t\t\t<\/div>\n\t\t<\/div>\n\t\t\t\t\t\t\t<\/div>\n\t\t<\/section>\n\t\t\t\t<section class=\"elementor-section elementor-top-section elementor-element elementor-element-44e5806 elementor-section-boxed elementor-section-height-default elementor-section-height-default\" data-id=\"44e5806\" data-element_type=\"section\">\n\t\t\t\t\t\t<div class=\"elementor-container elementor-column-gap-default\">\n\t\t\t\t\t<div class=\"elementor-column elementor-col-100 elementor-top-column elementor-element elementor-element-6531d42\" data-id=\"6531d42\" data-element_type=\"column\">\n\t\t\t<div class=\"elementor-widget-wrap elementor-element-populated\">\n\t\t\t\t\t\t\t\t<div class=\"elementor-element elementor-element-722b979 elementor-widget elementor-widget-text-editor\" data-id=\"722b979\" data-element_type=\"widget\" data-widget_type=\"text-editor.default\">\n\t\t\t\t<div class=\"elementor-widget-container\">\n\t\t\t<style>\/*! elementor - v3.11.5 - 14-03-2023 *\/\n.elementor-widget-text-editor.elementor-drop-cap-view-stacked .elementor-drop-cap{background-color:#818a91;color:#fff}.elementor-widget-text-editor.elementor-drop-cap-view-framed .elementor-drop-cap{color:#818a91;border:3px solid;background-color:transparent}.elementor-widget-text-editor:not(.elementor-drop-cap-view-default) .elementor-drop-cap{margin-top:8px}.elementor-widget-text-editor:not(.elementor-drop-cap-view-default) .elementor-drop-cap-letter{width:1em;height:1em}.elementor-widget-text-editor .elementor-drop-cap{float:left;text-align:center;line-height:1;font-size:50px}.elementor-widget-text-editor .elementor-drop-cap-letter{display:inline-block}<\/style>\t\t\t\t<h4><span style=\"font-weight: normal;\">B\u1ed9 m\u00f4n \u0110\u1ecba nh\u00e2n v\u0103n v\u00e0 Quy ho\u1ea1ch \u0111\u00e3 tri\u1ec3n khai nhi\u1ec1u h\u01b0\u1edbng h\u1ee3p t\u00e1c nghi\u00ean c\u1ee9u v\u00e0 \u0111\u00e0o t\u1ea1o, c\u00f3 th\u1ec3 k\u1ec3 \u0111\u1ebfn nh\u01b0:<br>&#8211; Ph\u00e1t tri\u1ec3n c\u00e1c h\u01b0\u1edbng h\u1ee3p t\u00e1c nghi\u00ean c\u1ee9u v\u1ec1 \u0111\u1ecba l\u00fd gi\u00e1o d\u1ee5c, \u0111\u1ecba l\u00fd l\u1ecbch s\u1eed, sinh k\u1ebf c\u00e1c d\u00e2n t\u1ed9c thi\u1ec3u s\u1ed1 v\u00e0 di c\u01b0 trong th\u1eddi k\u1ef3 \u0110\u1ed5i m\u1edbi \u0111\u1ed1i v\u1edbi c\u00e1c tr\u01b0\u1eddng \u0111\u1ea1i h\u1ecdc Nh\u1eadt B\u1ea3n, nh\u01b0: \u0110\u1ea1i h\u1ecdc Kansai, \u0110\u1ea1i h\u1ecdc Otemon Gakuin, \u0110\u1ea1i h\u1ecdc Tottori, \u0110\u1ea1i h\u1ecdc Okayama;<br>&#8211; H\u1ee3p t\u00e1c nghi\u00ean c\u1ee9u v\u1ec1 sinh k\u1ebf trong b\u1ed1i c\u1ea3nh bi\u1ebfn \u0111\u1ed5i kh\u00ed h\u1eadu mi\u1ec1n ven bi\u1ec3n v\u1edbi c\u00e1c nh\u00e0 khoa h\u1ecdc \u0110an M\u1ea1ch;<br>&#8211; H\u1ee3p t\u00e1c v\u1edbi c\u00e1c tr\u01b0\u1eddng \u0110\u1ea1i h\u1ecdc KU Leuven v\u00e0 UC Louvain (V\u01b0\u01a1ng qu\u1ed1c B\u1ec9) nghi\u00ean c\u1ee9u v\u1ec1 \u1ea3nh h\u01b0\u1edfng c\u1ee7a ph\u00e1t tri\u1ec3n kinh t\u1ebf-x\u00e3 h\u1ed9i \u0111\u1ebfn bi\u1ebfn \u0111\u1ed9ng s\u1eed d\u1ee5ng \u0111\u1ea5t v\u00e0 m\u00f4i tr\u01b0\u1eddng t\u1ea1i Vi\u1ec7t Nam.<br>&#8211; H\u1ee3p t\u00e1c v\u1edbi c\u00e1c tr\u01b0\u1eddng \u0110\u1ea1i h\u1ecdc Orl\u00e9ans v\u00e0 C\u00f4te d\u2019Azur, C\u1ed9ng H\u00f2a Ph\u00e1p; \u0110\u1ea1i h\u1ecdc Ki\u1ebfn tr\u00fac v\u00e0 \u0111\u00f4 th\u1ecb Ion Mincu, Romania nghi\u00ean c\u1ee9u v\u1ec1 d\u1ec5 b\u1ecb t\u1ed5n th\u01b0\u01a1ng c\u1ee7a c\u1ed9ng \u0111\u1ed3ng d\u00e2n c\u01b0 b\u1edfi tai bi\u1ebfn thi\u00ean nhi\u00ean v\u00e0 c\u00e1c v\u1ea5n \u0111\u1ec1 \u0111\u00f4 th\u1ecb h\u00f3a;<\/span><br><font color=\"#000000\" style=\"font-family: var( --e-global-typography-text-font-family ), Sans-serif; font-weight: var( --e-global-typography-text-font-weight );\">&#8211; B\u1ed9 m\u00f4n c\u0169ng \u0111\u00e3 th\u00e0nh c\u00f4ng trong&nbsp;<\/font><span style=\"font-family: var( --e-global-typography-text-font-family ), Sans-serif; font-weight: var( --e-global-typography-text-font-weight );\">x\u00e2y d\u1ef1ng v\u00e0 t\u1ed5 ch\u1ee9c Ch\u01b0\u01a1ng tr\u00ecnh th\u1ef1c \u0111\u1ecba h\u00e0ng n\u0103m t\u1ea1i H\u00e0 N\u1ed9i v\u00e0 Hu\u1ebf v\u1ec1 l\u0129nh v\u1ef1c \u0111\u1ecba l\u00fd nh\u00e2n v\u0103n cho sinh vi\u00ean B\u1ed9 m\u00f4n \u0110\u1ecba l\u00fd v\u00e0 m\u00f4i tr\u01b0\u1eddng v\u00f9ng, \u0110\u1ea1i h\u1ecdc Kansai, Nh\u1eadt B\u1ea3n; \u0111\u1ed3ng t\u1ed5 ch\u1ee9c Ch\u01b0\u01a1ng tr\u00ecnh giao l\u01b0u, kh\u1ea3o s\u00e1t th\u1ef1c \u0111\u1ecba v\u1ec1 \u0111\u1ecba l\u00fd nh\u00e2n v\u0103n v\u00e0 GIS t\u1ea1i ba th\u00e0nh ph\u1ed1 Osaka \u2013 Kyoto \u2013 Kobe cho sinh vi\u00ean, h\u1ecdc vi\u00ean v\u00e0 nghi\u00ean c\u1ee9u sinh Khoa \u0110\u1ecba l\u00fd.<\/span><\/h4>\t\t\t\t\t\t<\/div>\n\t\t\t\t<\/div>\n\t\t\t\t\t<\/div>\n\t\t<\/div>\n\t\t\t\t\t\t\t<\/div>\n\t\t<\/section>\n\t\t\t\t<section class=\"elementor-section elementor-top-section elementor-element elementor-element-64fcb8f elementor-section-boxed elementor-section-height-default elementor-section-height-default\" data-id=\"64fcb8f\" data-element_type=\"section\">\n\t\t\t\t\t\t<div class=\"elementor-container elementor-column-gap-default\">\n\t\t\t\t\t<div class=\"elementor-column elementor-col-100 elementor-top-column elementor-element elementor-element-c7bf387\" data-id=\"c7bf387\" data-element_type=\"column\">\n\t\t\t<div class=\"elementor-widget-wrap elementor-element-populated\">\n\t\t\t\t\t\t\t\t<div class=\"elementor-element elementor-element-5f89ab3 elementor-widget elementor-widget-image\" data-id=\"5f89ab3\" data-element_type=\"widget\" data-widget_type=\"image.default\">\n\t\t\t\t<div class=\"elementor-widget-container\">\n\t\t\t<style>\/*! elementor - v3.11.5 - 14-03-2023 *\/\n.elementor-widget-image{text-align:center}.elementor-widget-image a{display:inline-block}.elementor-widget-image a img[src$=\".svg\"]{width:48px}.elementor-widget-image img{vertical-align:middle;display:inline-block}<\/style>\t\t\t\t\t\t\t\t\t\t\t\t<img decoding=\"async\" width=\"750\" height=\"422\" src=\"https:\/\/humangeography.edu.vn\/wp-content\/uploads\/2023\/05\/132e3fda2b2af174a83b-1024x576.jpg\" class=\"attachment-large size-large wp-image-197\" alt=\"\" loading=\"lazy\" srcset=\"https:\/\/humangeography.edu.vn\/wp-content\/uploads\/2023\/05\/132e3fda2b2af174a83b-1024x576.jpg 1024w, https:\/\/humangeography.edu.vn\/wp-content\/uploads\/2023\/05\/132e3fda2b2af174a83b-300x169.jpg 300w, https:\/\/humangeography.edu.vn\/wp-content\/uploads\/2023\/05\/132e3fda2b2af174a83b-768x432.jpg 768w, https:\/\/humangeography.edu.vn\/wp-content\/uploads\/2023\/05\/132e3fda2b2af174a83b-1536x864.jpg 1536w, https:\/\/humangeography.edu.vn\/wp-content\/uploads\/2023\/05\/132e3fda2b2af174a83b-2048x1152.jpg 2048w\" sizes=\"(max-width: 750px) 100vw, 750px\" \/>\t\t\t\t\t\t\t\t\t\t\t\t\t\t\t<\/div>\n\t\t\t\t<\/div>\n\t\t\t\t\t<\/div>\n\t\t<\/div>\n\t\t\t\t\t\t\t<\/div>\n\t\t<\/section>\n\t\t\t\t<section class=\"elementor-section elementor-top-section elementor-element elementor-element-701a014 elementor-section-boxed elementor-section-height-default elementor-section-height-default\" data-id=\"701a014\" data-element_type=\"section\">\n\t\t\t\t\t\t<div class=\"elementor-container elementor-column-gap-default\">\n\t\t\t\t\t<div class=\"elementor-column elementor-col-100 elementor-top-column elementor-element elementor-element-67a8076\" data-id=\"67a8076\" data-element_type=\"column\">\n\t\t\t<div class=\"elementor-widget-wrap elementor-element-populated\">\n\t\t\t\t\t\t\t\t<div class=\"elementor-element elementor-element-6408ac1 elementor-widget elementor-widget-image\" data-id=\"6408ac1\" data-element_type=\"widget\" data-widget_type=\"image.default\">\n\t\t\t\t<div class=\"elementor-widget-container\">\n\t\t\t\t\t\t\t\t\t\t\t\t\t\t\t<img decoding=\"async\" width=\"750\" height=\"420\" src=\"https:\/\/humangeography.edu.vn\/wp-content\/uploads\/2023\/06\/thuc-tap-tai-Nhat-1024x574.jpg\" class=\"attachment-large size-large wp-image-548\" alt=\"\" loading=\"lazy\" srcset=\"https:\/\/humangeography.edu.vn\/wp-content\/uploads\/2023\/06\/thuc-tap-tai-Nhat-1024x574.jpg 1024w, https:\/\/humangeography.edu.vn\/wp-content\/uploads\/2023\/06\/thuc-tap-tai-Nhat-300x168.jpg 300w, https:\/\/humangeography.edu.vn\/wp-content\/uploads\/2023\/06\/thuc-tap-tai-Nhat-768x431.jpg 768w, https:\/\/humangeography.edu.vn\/wp-content\/uploads\/2023\/06\/thuc-tap-tai-Nhat-1536x862.jpg 1536w, https:\/\/humangeography.edu.vn\/wp-content\/uploads\/2023\/06\/thuc-tap-tai-Nhat-2048x1149.jpg 2048w\" sizes=\"(max-width: 750px) 100vw, 750px\" \/>\t\t\t\t\t\t\t\t\t\t\t\t\t\t\t<\/div>\n\t\t\t\t<\/div>\n\t\t\t\t\t<\/div>\n\t\t<\/div>\n\t\t\t\t\t\t\t<\/div>\n\t\t<\/section>\n\t\t\t\t\t\t\t<\/div>\n\t\t","protected":false},"excerpt":{"rendered":"<p>B\u1ed9 m\u00f4n \u0110\u1ecba nh\u00e2n v\u0103n v\u00e0 Quy ho\u1ea1ch B\u1ed9 m\u00f4n \u0110\u1ecba nh\u00e2n v\u0103n v\u00e0 Quy ho\u1ea1ch \u0111\u00e3 tri\u1ec3n khai nhi\u1ec1u &hellip; <\/p>\n","protected":false},"author":2,"featured_media":0,"parent":0,"menu_order":0,"comment_status":"closed","ping_status":"closed","template":"","meta":[],"_links":{"self":[{"href":"https:\/\/humangeography.edu.vn\/index.php?rest_route=\/wp\/v2\/pages\/23"}],"collection":[{"href":"https:\/\/humangeography.edu.vn\/index.php?rest_route=\/wp\/v2\/pages"}],"about":[{"href":"https:\/\/humangeography.edu.vn\/index.php?rest_route=\/wp\/v2\/types\/page"}],"author":[{"embeddable":true,"href":"https:\/\/humangeography.edu.vn\/index.php?rest_route=\/wp\/v2\/users\/2"}],"replies":[{"embeddable":true,"href":"https:\/\/humangeography.edu.vn\/index.php?rest_route=%2Fwp%2Fv2%2Fcomments&post=23"}],"version-history":[{"count":14,"href":"https:\/\/humangeography.edu.vn\/index.php?rest_route=\/wp\/v2\/pages\/23\/revisions"}],"predecessor-version":[{"id":551,"href":"https:\/\/humangeography.edu.vn\/index.php?rest_route=\/wp\/v2\/pages\/23\/revisions\/551"}],"wp:attachment":[{"href":"https:\/\/humangeography.edu.vn\/index.php?rest_route=%2Fwp%2Fv2%2Fmedia&parent=23"}],"curies":[{"name":"wp","href":"https:\/\/api.w.org\/{rel}","templated":true}]}}